{"id":2057,"date":"2024-11-19T17:26:40","date_gmt":"2024-11-19T16:26:40","guid":{"rendered":"https:\/\/elmolidepontons.com\/?post_type=product&#038;p=2057"},"modified":"2024-11-19T17:55:00","modified_gmt":"2024-11-19T16:55:00","slug":"cofre-regalo","status":"publish","type":"product","link":"https:\/\/elmolidepontons.com\/fr\/producto\/cofre-regalo\/","title":{"rendered":"Cofre regalo"},"content":{"rendered":"<h4>\u00bfQUE INCLUYE NUESTRO COFRE?<\/h4>\n<p>10 <strong>Experiencias a elegir<\/strong><\/p>\n<p><strong>1 Escapada Spa y Relax<\/strong><\/p>\n<p>Este bono incluye:<\/p>\n<ul>\n<li>Una noche de alojamiento y desayuno para 2 personas en una de nuestras suites con jacuzzi-spa, aromaterapia, cromoterapia y ba\u00f1o de ozono.<\/li>\n<li>Un tratamiento de vinoterapia que consiste en una hora de masaje por persona y un ba\u00f1o de vino con sales de semillas de uva en el jacuzzi, mientras tomas una copa de cava.<\/li>\n<li>Una visita a Torres con degustaci\u00f3n de 5 vinos.<\/li>\n<\/ul>\n<p><strong>2 Pack Rom\u00e1ntico Sorpresa<\/strong><\/p>\n<p>Este bono incluye:<\/p>\n<ul>\n<li>Una noche de alojamiento y desayuno para 2 personas en una de nuestras suites con jacuzzi-spa, cromoterapia, aromaterapia y ba\u00f1o de ozono.<\/li>\n<li>Decoraci\u00f3n rom\u00e1ntica.<\/li>\n<li>Cena servida en la habitaci\u00f3n. Degustaci\u00f3n de platos fr\u00edos: jam\u00f3n de Jabugo, queso manchego, ensalada de habitas tiernas confitadas con menta fresca y jam\u00f3n de pato, foie micuit con higos, carpaccio de bacalao, salm\u00f3n ahumado, pan con tomate, tostaditas, postre, catanias y cava brut nature.<\/li>\n<li>Una visita a Torres con cata de 5 vinos.<\/li>\n<\/ul>\n<p><strong>3 Escapada Enogastron\u00f3mica 2 noches.<\/strong><\/p>\n<p>Este bono incluye:<\/p>\n<ul>\n<li>Dos noches de alojamiento en habitaci\u00f3n doble con encanto.<\/li>\n<li>R\u00e9gimen de media pensi\u00f3n elaborada con productos de Km 0.<\/li>\n<li>Una visita a Carol Vall\u00e9s.<\/li>\n<\/ul>\n<p>IMAG\u00cdNATE\u2026 unos canelones del abuelo o un crujiente de verduras con brie, y qu\u00e9 tal una \u201cescudella barrejada\u201d o un estofado de jabal\u00ed con chocolate\u2026 mmm! Qu\u00e9 Bueno!<\/p>\n<p><strong>4 Escapada Rom\u00e1ntica y excursi\u00f3n a caballo.<\/strong><\/p>\n<p>Este bono incluye:<\/p>\n<ul>\n<li>Una noche de alojamiento y desayuno para 2 personas en una de nuestras suites con jacuzzi-spa, aromaterapia, cromoterapia y ba\u00f1o de ozono.<\/li>\n<li>Decoraci\u00f3n rom\u00e1ntica.<\/li>\n<li>Salida a caballo de 90 minutos para dos personas entre vi\u00f1edos y bosques, con gu\u00eda, para descubrir los paisajes del Pened\u00e8s.<\/li>\n<li>Una visita a Torres.<\/li>\n<\/ul>\n<p><strong>5 Bike, Aventura en el Pened\u00e8s<\/strong><\/p>\n<p>Este bono incluye:<\/p>\n<ul>\n<li>Una noche de alojamiento y desayuno para dos personas en una de nuestras suites con jacuzzi-spa, aromaterapia, cromoterapia y ba\u00f1o de ozono.<\/li>\n<li>Excursi\u00f3n de tres horas y media en bici descubriendo los paisajes del Pened\u00e8s. Haremos una visita en una bodega de la zona.<\/li>\n<li>Gu\u00eda y coche escoba.<\/li>\n<li>Una visita a Torres.<\/li>\n<\/ul>\n<p><strong>6 Relax entre Monta\u00f1as<\/strong><\/p>\n<p>Este bono incluye:<\/p>\n<ul>\n<li>Una noche de alojamiento para 2 personas en una de nuestras habitaciones con encanto.<\/li>\n<li>R\u00e9gimen de media pensi\u00f3n.<\/li>\n<li>Cava de bienvenida.<\/li>\n<li>Masaje de una hora por persona a escoger.<\/li>\n<li>Una visita a Torres.<\/li>\n<\/ul>\n<p><strong>7 Fin de Semana por las Rutas del Vino y del Cava con Mariscada<\/strong><\/p>\n<p>Este bono incluye:<\/p>\n<ul>\n<li>Una noche de alojamiento y desayuno para 2 personas en una de nuestras habitaciones con encanto.<\/li>\n<li>Cena especial \u201cMariscada El Pap\u00e0\u201d que incluye: Entrantes: ensalada de la huerta, jam\u00f3n de Jabugo, embutidos artesanos, salm\u00f3n ahumado y caviar. Degustaci\u00f3n de mariscos: langosta o bogavante, langostinos, cigalas, ca\u00f1a\u00edllas, bocas, gambas de Huelva, almejas o percebes y txangurro. Todo esto acompa\u00f1ado de una botella de vino blanco D.O. Pened\u00e8s, postre y caf\u00e9.<\/li>\n<li>Una visita a Torres.<\/li>\n<\/ul>\n<p><strong>8 Escapada de Bienestar<\/strong><\/p>\n<p>Este bono incluye:<\/p>\n<ul>\n<li>Una noche de alojamiento y desayuno para 2 personas en una de nuestras suites con jacuzzi-spa, aromaterapia, cromoterapia y ba\u00f1o de ozono.<\/li>\n<li>Decoraci\u00f3n rom\u00e1ntica.<\/li>\n<li>Pensi\u00f3n completa.<\/li>\n<li>Una visita a Torres.<\/li>\n<\/ul>\n<p><strong>9 Escapada en Familia<\/strong><\/p>\n<p>Este bono incluye:<\/p>\n<ul>\n<li>Dos noches de alojamiento y desayuno en habitaci\u00f3n familiar para dos adultos y dos ni\u00f1os.<\/li>\n<li>Una visita a las cavas del pueblo.<\/li>\n<li>Pontons es el pueblo m\u00e1s elevado del Alt Pened\u00e8s con 632 m de altitud. Con riscos y acantilados, rompe un poco con la estampa de vi\u00f1edos t\u00edpica de los pueblos de la comarca y que se asemeja m\u00e1s a la imagen de un rinc\u00f3n de alta monta\u00f1a.<\/li>\n<\/ul>\n<p><strong>10 Escapada Enogastron\u00f3mica<\/strong><\/p>\n<p>Este bono incluye:<\/p>\n<ul>\n<li>Dos noches de alojamiento y desayuno en una de nuestras habitaciones dobles con encanto.<\/li>\n<li>Maridaje de cava y quesos en una bodega emblem\u00e1tica de la zona.<\/li>\n<li>Una comida penedesenca.<\/li>\n<li>Una visita a las cavas del pueblo.<\/li>\n<\/ul>\n<p><strong>INFORMACI\u00d3N DEL MARIDAJE<\/strong><\/p>\n<p>Duraci\u00f3n: 1h 30 min<\/p>\n<p>Grupo m\u00ednimo: 2 personas<\/p>\n<p>Horarios: \u00b7 De lunes a jueves: 10:30h, 12:00h, 16:00h \u00b7 viernes, s\u00e1bado y domingo: 10.30h, 12.00h.<br \/>\nCofre regalo de escapada enogastron\u00f3mica: dos noches de alojamiento, maridaje de cava y m\u00e1s.<\/p>\n<p>Este es nuestro cofre de experiencias, un producto que puedes adquirir ya mismo y elegir cuando y como quieres disfrutarlo. Lo recibiras en tu casa o se lo enviamos a quien nos digas sin coste adicional. Dispondr\u00e1s de toda la informacion contenida en el cofre para disfrutar de romanticismo, salud, relax y bienestar.<\/p>\n<p>\u00bfComo se reserva ? Cada libro contiene un c\u00f3digo identificativo \u00fanico, que os pediremos el d\u00eda que hag\u00e1is la reserva, junto con los datos personales. \u00a1\u00a1Y a disfrutar!!! as\u00ed de f\u00e1cil.<\/p>\n<p><strong>Para seleccionar fechas por favor llame al 676 480 077.<\/strong><\/p>\n","protected":false},"excerpt":{"rendered":"<h4 class=\"text-left title2\">\u00a1Regala una experiencia \u00fanica, c\u00f3mpralo ahora!<\/h4>\n<p>Recibe en tu casa nuestro cofre con <strong>10 experiencias<\/strong> a elegir, con una presentaci\u00f3n que no te dejar\u00e1 indiferente.<\/p>\n<p>Har\u00e1s un regalo exclusivo y \u00fanico a la persona que quieres. Podr\u00e1s disfrutar de una de las escapadas cuando y con qui\u00e9n decidas.<\/p>\n<p>Nuestro cofre de experiencias <strong><em>no caduca<\/em><\/strong>, se pueden utilizar cualquier d\u00eda a excepci\u00f3n de fin de a\u00f1o.<\/p>\n<p>Son paquetes para todas las edades: <strong>rom\u00e1nticos,<\/strong> de <strong>relax,<\/strong> en <strong>familia.<\/strong><\/p>\n","protected":false},"featured_media":2059,"template":"","meta":[],"product_brand":[],"product_cat":[31],"product_tag":[],"class_list":{"0":"post-2057","1":"product","2":"type-product","3":"status-publish","4":"has-post-thumbnail","6":"product_cat-sin-categorizar","8":"first","9":"instock","10":"virtual","11":"purchasable","12":"product-type-simple"},"_links":{"self":[{"href":"https:\/\/elmolidepontons.com\/fr\/wp-json\/wp\/v2\/product\/2057","targetHints":{"allow":["GET"]}}],"collection":[{"href":"https:\/\/elmolidepontons.com\/fr\/wp-json\/wp\/v2\/product"}],"about":[{"href":"https:\/\/elmolidepontons.com\/fr\/wp-json\/wp\/v2\/types\/product"}],"wp:featuredmedia":[{"embeddable":true,"href":"https:\/\/elmolidepontons.com\/fr\/wp-json\/wp\/v2\/media\/2059"}],"wp:attachment":[{"href":"https:\/\/elmolidepontons.com\/fr\/wp-json\/wp\/v2\/media?parent=2057"}],"wp:term":[{"taxonomy":"product_brand","embeddable":true,"href":"https:\/\/elmolidepontons.com\/fr\/wp-json\/wp\/v2\/product_brand?post=2057"},{"taxonomy":"product_cat","embeddable":true,"href":"https:\/\/elmolidepontons.com\/fr\/wp-json\/wp\/v2\/product_cat?post=2057"},{"taxonomy":"product_tag","embeddable":true,"href":"https:\/\/elmolidepontons.com\/fr\/wp-json\/wp\/v2\/product_tag?post=2057"}],"curies":[{"name":"wp","href":"https:\/\/api.w.org\/{rel}","templated":true}]}}